{"id":231,"date":"2015-04-15T22:09:02","date_gmt":"2015-04-15T21:09:02","guid":{"rendered":"http:\/\/blogs.ciberespiral.org\/aumentame15\/?page_id=231"},"modified":"2015-04-28T21:22:16","modified_gmt":"2015-04-28T20:22:16","slug":"programa-2","status":"publish","type":"page","link":"https:\/\/blogs.ciberespiral.org\/aumentame15\/programa-2\/","title":{"rendered":"Programa"},"content":{"rendered":"<p style=\"text-align: right;\">Descargar en pdf:\u00a0<a href=\"http:\/\/blogs.ciberespiral.org\/aumentame15\/wp-content\/uploads\/sites\/14\/2015\/04\/ProgramaAumentame2015.pdf\">Programa Aumentame 2015<\/a><\/p>\n<p><b>09:00 Recepci\u00f3n y recogida de documentaci\u00f3n<\/b><\/p>\n<p>&nbsp;<\/p>\n<p><b>9.30- 10:00: Inauguraci\u00f3n de la Jornada<\/b><\/p>\n<p><i>Personalidades, Presidencia de Espiral, Ayuntamiento de Zaragoza<\/i><\/p>\n<p>&nbsp;<\/p>\n<p><b>10.00\u201311.15: Comunicaciones abiertas &#8211; <\/b>(Presenta: Juan Miguel Mu\u00f1oz)<\/p>\n<p><i>10:00 &#8211; 10:15 \u201cAprendiendo a trav\u00e9s de la creatividad\u201d &#8211; Alba Escobar (Chromville)<\/i><\/p>\n<p><i>10:20 &#8211; 10:35 \u201cJuglar, Realidad Aumentada educativa\u201d &#8211; Cynthia G\u00e1lvez, Rub\u00e9n B\u00e9jar y Dorian G\u00e1lvez <\/i><\/p>\n<p><i>10:40 &#8211; 10:55 \u00a0\u201cNeuroEducaci\u00f3n: Realidad Virtual como un medio para incrementar la capacidad de concentraci\u00f3n\u201d &#8211; Esteban Anguita y Elena Olmos (LabHuman)<\/i><\/p>\n<p><i>11: 00 &#8211; 11:10 \u00a0\u201cEspiRA, Realidad Aumentada Geolocalizada para\u00a0Educaci\u00f3n\u201d &#8211; Raul Reinoso, Juan Miguel Mu\u00f1oz y Xavier Su\u00f1\u00e9\u00a0<\/i><\/p>\n<p>&nbsp;<\/p>\n<p><b>11.15 \u201311:45 : Caf\u00e9 &#8211; <\/b><b><i>networking<\/i><\/b><\/p>\n<p>&nbsp;<\/p>\n<p><b>11.45 &#8211; 13:40<\/b> \u00a0<b>Comunicaciones abiertas &#8211; <\/b>(Presenta: Xavier Su\u00f1\u00e9)<\/p>\n<p><i>11:45- 12:00 \u00a0\u00a0\u201cExperiencias del grupo BCDS de la Universitat de Girona en la creaci\u00f3n de actividades de aprendizaje con Realidad Aumentada\u201d &#8211; Ram\u00f3n Fabregat, Silvia Baldiris, Hendrys Tobar-Mu\u00f1oz y Jorge Bacca<\/i><\/p>\n<p><i>12:05- 12:20 \u201cAll VR Education\u201d &#8211; Alicia Ca\u00f1ellas<\/i><\/p>\n<p><i>12:25 &#8211; 12:40<\/i><i> \u00a0<\/i><i>\u201cRealidad Aumentada, desde la Secundaria\u201d &#8211; Jes\u00fas Arbu\u00e9s, Marina Masferrer y<strong>\u00a0<\/strong>Enric Camacho<\/i><\/p>\n<p><i>12:45 &#8211; 13:00 \u00a0\u201c\u00bbMappRAton Aumentada\u00bb &#8211; Iban de la Horra y\u00a0Sandra Mac\u00edas Tapia.<\/i><\/p>\n<p><i>13:05 &#8211; 13:20 \u00a0\u201cNandati\u201d &#8211; Cristian Ruiz <\/i><\/p>\n<p><i>13:25 &#8211; 13:40 <\/i><i>\u00a0\u00a0\u00a0<\/i><i>\u201c<\/i><i>Memorias para el futuro en Realidad Aumentada<\/i><i>\u201d &#8211; Aura. P. P\u00e9rez<\/i><\/p>\n<p>&nbsp;<\/p>\n<p><b><i>14.00 -16.00: Comida -networking<\/i><\/b><\/p>\n<p>&nbsp;<\/p>\n<p><b><i>16:00-17:30: Mesa Redonda \u00a0\u201cPanorama de la Realidad Aumentada en Educaci\u00f3n\u201d <\/i><\/b><b><i>\u00a0<\/i><\/b><i>(<\/i>Presenta y Modera: Paulo Manuel Nunes de Abreu)<\/p>\n<p style=\"text-align: center;\">(12 minutos comunicaci\u00f3n + 20 minutos debate)<\/p>\n<p><i>\u201cRealidad Aumentada en infantil\u201d &#8211; Salom\u00e9 Recio &#8211; INFANTIL<\/i><\/p>\n<p><i>\u201cProyecto: La vuelta al mundo de Willy Fog\u201d &#8211; Catalina Navarro Guillermo &#8211; INFANTIL<\/i><\/p>\n<p><i>\u201cAulas de Realidad Aumentada: RA en primaria\u201d &#8211; Rafael P\u00e9rez Mart\u00ednez\/ M\u00aa Carmen Montoya Mart\u00ednez &#8211; PRIMARIA<\/i><\/p>\n<p><i>\u201cQuisEstQuis by illARgonauta\u201d &#8211; Francesc Nadal &#8211; SECUNDARIA<\/i><\/p>\n<p><i>\u201cRGB-D en Formaci\u00f3n Profesional\u201d &#8211; Bernat Llopis y Loli Iborra &#8211; FORMACI\u00d3N PROFESIONAL<\/i><\/p>\n<p><i>\u201cEmigrando entre mares\u201d &#8211; Agapito Mu\u00f1iz y Sonia Vivero \u00a0&#8211; EDUCACI\u00d3N ADULTOS<\/i><\/p>\n<p>&nbsp;<\/p>\n<p><b><i>17:30 -19:00 \u00a0Talleres<\/i><\/b><\/p>\n<p><i>Aula 1 &#8211; Taller de Google Cardboard (Realidad Virtual) &#8211; Ra\u00fal Reinoso<\/i><\/p>\n<p><i>\u00a0 \u00a0 \u00a0 \u00a0 \u00a0 \u00a0 \u00a0 \u00a0Nuevo Aumentaty Author (Realidad Aumentada basada en marcas) \u00a0&#8211; Esteban Anguita<\/i><\/p>\n<p><i>Aula 2<\/i> <i>&#8211; Taller de Espira \u00a0(Realidad Aumentada geolocalizada) &#8211; Pau Nin<\/i><\/p>\n<p><i>Aula 3 &#8211; Taller de Chromville (Realidad Aumentada hecha por ni\u00f1os para ni\u00f1os)<\/i><\/p>\n<p><i>Aula 4 . Taller de Realidad Virtual (Oculus Rift, Cardboard) &#8211; Alicia Ca\u00f1ellas<\/i><\/p>\n<p><strong><strong>\u00a0<\/strong><\/strong><\/p>\n<p><b><i>19:00 \u00a0&#8211; \u00a0Clausura, entrega de premios <\/i><\/b><i>\u00a0<\/i><i>(Ra\u00fal Reinoso)\u00a0<\/i><b><i>Concierto Proyecto Dharma\u00a0<\/i><\/b><i>(<\/i><i>grabaci\u00f3n del concierto con 14 c\u00e1maras en 360 grados y un sistema de sonido aural <\/i><i>)<\/i><\/p>\n<p>&nbsp;<\/p>\n","protected":false},"excerpt":{"rendered":"<p>Descargar en pdf:\u00a0Programa Aumentame 2015 09:00 Recepci\u00f3n y recogida de documentaci\u00f3n &nbsp; 9.30- 10:00: Inauguraci\u00f3n de la Jornada Personalidades, Presidencia de Espiral, Ayuntamiento de Zaragoza &nbsp; 10.00\u201311.15: Comunicaciones abiertas &#8211; (Presenta: Juan Miguel Mu\u00f1oz) 10:00 &#8211; 10:15 \u201cAprendiendo a trav\u00e9s de la creatividad\u201d &#8211; Alba Escobar (Chromville) 10:20 &#8211; 10:35 \u201cJuglar, Realidad Aumentada educativa\u201d &#8211; [&hellip;]<\/p>\n","protected":false},"author":21,"featured_media":0,"parent":0,"menu_order":0,"comment_status":"closed","ping_status":"open","template":"","meta":{"footnotes":""},"class_list":["post-231","page","type-page","status-publish","hentry"],"_links":{"self":[{"href":"https:\/\/blogs.ciberespiral.org\/aumentame15\/wp-json\/wp\/v2\/pages\/231","targetHints":{"allow":["GET"]}}],"collection":[{"href":"https:\/\/blogs.ciberespiral.org\/aumentame15\/wp-json\/wp\/v2\/pages"}],"about":[{"href":"https:\/\/blogs.ciberespiral.org\/aumentame15\/wp-json\/wp\/v2\/types\/page"}],"author":[{"embeddable":true,"href":"https:\/\/blogs.ciberespiral.org\/aumentame15\/wp-json\/wp\/v2\/users\/21"}],"replies":[{"embeddable":true,"href":"https:\/\/blogs.ciberespiral.org\/aumentame15\/wp-json\/wp\/v2\/comments?post=231"}],"version-history":[{"count":19,"href":"https:\/\/blogs.ciberespiral.org\/aumentame15\/wp-json\/wp\/v2\/pages\/231\/revisions"}],"predecessor-version":[{"id":290,"href":"https:\/\/blogs.ciberespiral.org\/aumentame15\/wp-json\/wp\/v2\/pages\/231\/revisions\/290"}],"wp:attachment":[{"href":"https:\/\/blogs.ciberespiral.org\/aumentame15\/wp-json\/wp\/v2\/media?parent=231"}],"curies":[{"name":"wp","href":"https:\/\/api.w.org\/{rel}","templated":true}]}}