{"id":19,"date":"2015-01-16T23:05:42","date_gmt":"2015-01-16T22:05:42","guid":{"rendered":"http:\/\/blogs.ciberespiral.org\/aumentame15\/?page_id=19"},"modified":"2015-01-17T00:36:30","modified_gmt":"2015-01-16T23:36:30","slug":"localizacion","status":"publish","type":"page","link":"https:\/\/blogs.ciberespiral.org\/aumentame15\/localizacion\/","title":{"rendered":"Localizaci\u00f3n"},"content":{"rendered":"<p><strong>CENTRO DE ARTE Y TECNOLOG\u00cdA DE ZARAGOZA &#8211; ETOPIA<\/strong><\/p>\n<p>Edificio: Centro de Arte y Tecnolog\u00eda (Etopia)<br \/>\nAvda. Ciudad de Soria, 8 &#8211; acceso por Avda. Autonom\u00eda, 7 y Calle Soria Planta B 50003 Zaragoza<\/p>\n<p><a href=\"http:\/\/blogs.ciberespiral.org\/aumentame15\/wp-content\/uploads\/sites\/14\/2015\/01\/etopia1.jpg\"><img loading=\"lazy\" decoding=\"async\" class=\"aligncenter wp-image-42\" src=\"http:\/\/blogs.ciberespiral.org\/aumentame15\/wp-content\/uploads\/sites\/14\/2015\/01\/etopia1.jpg\" alt=\"etopia1\" width=\"500\" height=\"333\" srcset=\"https:\/\/blogs.ciberespiral.org\/aumentame15\/wp-content\/uploads\/sites\/14\/2015\/01\/etopia1.jpg 800w, https:\/\/blogs.ciberespiral.org\/aumentame15\/wp-content\/uploads\/sites\/14\/2015\/01\/etopia1-300x199.jpg 300w\" sizes=\"auto, (max-width: 500px) 100vw, 500px\" \/><\/a><\/p>\n<p align=\"justify\">Los autobuses Ci1, Ci2, 34 y 51 os dejar\u00e1n en la estaci\u00f3n de trenes de Delicias. Desde all\u00ed se ve el edificio de Etop\u00eda justo detr\u00e1s de la pasarela de la estaci\u00f3n, \u00a1est\u00e1 a un paso! (Podeis atravesar por el puente que une la estaci\u00f3n directamente con Etopia)<\/p>\n<p>.<br \/>\n<iframe loading=\"lazy\" style=\"border: 0;\" src=\"https:\/\/www.google.com\/maps\/embed?pb=!1m18!1m12!1m3!1d2980.8230521805485!2d-0.906941999999989!3d41.65956500000001!2m3!1f0!2f0!3f0!3m2!1i1024!2i768!4f13.1!3m3!1m2!1s0xd596b4aded0f4d1%3A0x12f8c30f1a51a61f!2sETOPIA+-+Center+for+Art+%26+Technology!5e0!3m2!1ses!2sus!4v1421448592962\" width=\"600\" height=\"450\" frameborder=\"0\"><\/iframe><\/p>\n<p>&nbsp;<\/p>\n","protected":false},"excerpt":{"rendered":"<p>CENTRO DE ARTE Y TECNOLOG\u00cdA DE ZARAGOZA &#8211; ETOPIA Edificio: Centro de Arte y Tecnolog\u00eda (Etopia) Avda. Ciudad de Soria, 8 &#8211; acceso por Avda. Autonom\u00eda, 7 y Calle Soria Planta B 50003 Zaragoza Los autobuses Ci1, Ci2, 34 y 51 os dejar\u00e1n en la estaci\u00f3n de trenes de Delicias. Desde all\u00ed se ve el [&hellip;]<\/p>\n","protected":false},"author":21,"featured_media":0,"parent":0,"menu_order":0,"comment_status":"closed","ping_status":"open","template":"","meta":{"footnotes":""},"class_list":["post-19","page","type-page","status-publish","hentry"],"_links":{"self":[{"href":"https:\/\/blogs.ciberespiral.org\/aumentame15\/wp-json\/wp\/v2\/pages\/19","targetHints":{"allow":["GET"]}}],"collection":[{"href":"https:\/\/blogs.ciberespiral.org\/aumentame15\/wp-json\/wp\/v2\/pages"}],"about":[{"href":"https:\/\/blogs.ciberespiral.org\/aumentame15\/wp-json\/wp\/v2\/types\/page"}],"author":[{"embeddable":true,"href":"https:\/\/blogs.ciberespiral.org\/aumentame15\/wp-json\/wp\/v2\/users\/21"}],"replies":[{"embeddable":true,"href":"https:\/\/blogs.ciberespiral.org\/aumentame15\/wp-json\/wp\/v2\/comments?post=19"}],"version-history":[{"count":10,"href":"https:\/\/blogs.ciberespiral.org\/aumentame15\/wp-json\/wp\/v2\/pages\/19\/revisions"}],"predecessor-version":[{"id":46,"href":"https:\/\/blogs.ciberespiral.org\/aumentame15\/wp-json\/wp\/v2\/pages\/19\/revisions\/46"}],"wp:attachment":[{"href":"https:\/\/blogs.ciberespiral.org\/aumentame15\/wp-json\/wp\/v2\/media?parent=19"}],"curies":[{"name":"wp","href":"https:\/\/api.w.org\/{rel}","templated":true}]}}