{"id":16,"date":"2015-01-16T23:05:28","date_gmt":"2015-01-16T22:05:28","guid":{"rendered":"http:\/\/blogs.ciberespiral.org\/aumentame15\/?page_id=16"},"modified":"2015-04-22T21:05:51","modified_gmt":"2015-04-22T20:05:51","slug":"sponsors","status":"publish","type":"page","link":"https:\/\/blogs.ciberespiral.org\/aumentame15\/sponsors\/","title":{"rendered":"Colaboradores"},"content":{"rendered":"<p>&nbsp;<\/p>\n<p><strong>AUMENTATY<\/strong><\/p>\n<p align=\"justify\"><a href=\"http:\/\/aumentaty.com\"><img loading=\"lazy\" decoding=\"async\" class=\"alignnone size-full wp-image-184\" src=\"http:\/\/blogs.ciberespiral.org\/aumentame15\/wp-content\/uploads\/sites\/14\/2015\/01\/aumentaty-logo.jpg\" alt=\"aumentaty-logo\" width=\"253\" height=\"84\" \/><\/a><\/p>\n<p align=\"justify\"><a href=\"http:\/\/aumentaty.com\">Aumentaty<\/a> es una compa\u00f1\u00eda centrada en el desarrollo de motores, aplicaciones y proyectos en Realidad Aumentada,\u00a0con tecnolog\u00edas que abarcan desde los marcadores fiduciales y markerless, Visual Search, Geolocalizaci\u00f3n, RBG-D, integraci\u00f3n con dispositivos de Realidad Virtual, cascos, gafas Google Glass y tecnolog\u00edas wearables, abarcando cross-platform \/ cross-display : Windows, Mac OSx, Linux, Android e iOS.<\/p>\n<p><strong>\u00a0C-TOUCH<\/strong><\/p>\n<p><a href=\"http:\/\/blogs.ciberespiral.org\/aumentame14\/wp-content\/uploads\/sites\/10\/2014\/03\/C-touch-logo.jpg\"><img loading=\"lazy\" decoding=\"async\" class=\"alignnone  wp-image-441\" src=\"http:\/\/blogs.ciberespiral.org\/aumentame14\/wp-content\/uploads\/sites\/10\/2014\/03\/C-touch-logo.jpg\" alt=\"C-touch-logo\" width=\"292\" height=\"66\" \/><\/a><\/p>\n<p style=\"text-align: justify;\"><a href=\"http:\/\/www.ctouch.eu\/?l=es#experience\">CTOUCH<\/a> es la marca con mayor crecimiento de mercado en displays t\u00e1ctiles Plug&amp;Play. Pantallas LED de 47 a 84 pulgadas, con cristal antirreflectante, y desde los 4 hasta los 32 puntos de contacto para permitir la interacci\u00f3n m\u00faltiple y el reconocimiento de gestos en los softwares habilitados para ello. Todas las pantallas funcionan con tecnolog\u00eda \u00f3ptica, incluyen dos altavoces de 10W y 3 a\u00f1os de garant\u00eda. Adem\u00e1s soportan los sistemas operativos de Windows, Mac y Linux.<\/p>\n<p>&nbsp;<\/p>\n<p style=\"text-align: justify;\"><strong>\u00a0CHROMVILLE<\/strong><\/p>\n<p style=\"text-align: justify;\"><a href=\"http:\/\/blogs.ciberespiral.org\/aumentame15\/wp-content\/uploads\/sites\/14\/2015\/01\/Logo-Chromville-e1428526803331.png\"><img loading=\"lazy\" decoding=\"async\" class=\"alignnone size-full wp-image-190\" src=\"http:\/\/blogs.ciberespiral.org\/aumentame15\/wp-content\/uploads\/sites\/14\/2015\/01\/Logo-Chromville-e1428526803331.png\" alt=\"Logo-Chromville\" width=\"140\" height=\"96\" \/><\/a><\/p>\n<p style=\"text-align: justify;\"><a href=\"http:\/\/chromville.com\/\">Chromville<\/a> utiliza la Realidad Aumentada para enganchar a los nativos digitales en una nueva experiencia de aprendizaje gamificada. Un mundo digital hecho por y para ni\u00f1os que convierte el desarrollo de la creatividad en un videojuego.\u00a0Desde Chromville defendemos que los ni\u00f1os deben tener un papel activo en su propia educaci\u00f3n, viendo c\u00f3mo sus creaciones cobran vida en un mundo digital en cuatro dimensiones.\u00a0Una herramienta vanguardista que incentiva su creatividad, su inter\u00e9s por el aprendizaje continuo, su autonom\u00eda y un correcto uso de la tecnolog\u00eda.\u00a0Chromville permite a los nativos digitales jugar e interactuar con sus creaciones, personalizarlas y aprender directamente de la pantalla de los dispositivos m\u00f3viles.<\/p>\n<p>&nbsp;<\/p>\n<p align=\"justify\"><strong>CEL WORKING<\/strong><\/p>\n<p align=\"justify\"><a href=\"http:\/\/blogs.ciberespiral.org\/aumentame14\/wp-content\/uploads\/sites\/10\/2014\/03\/logocel.png\"><img loading=\"lazy\" decoding=\"async\" class=\"alignnone size-full wp-image-191\" src=\"http:\/\/blogs.ciberespiral.org\/aumentame14\/wp-content\/uploads\/sites\/10\/2014\/03\/logocel.png\" alt=\"logocel\" width=\"269\" height=\"60\" \/><\/a><\/p>\n<p align=\"justify\"><a href=\"http:\/\/www.celworking.com\/\">CEL Working<\/a> es una red de emprendedores\u00a0relacionados con lo social, con la cultura, con la educaci\u00f3n y con la tecnolog\u00eda.\u00a0Pretende poner en valor el\u00a0trabajo colaborativo\u00a0utilizando positivamente el enorme potencial del llamado quinto poder, Internet. CEL Working aglutina personas emprendedoras, empresas y\/o instituciones con iniciativas en alguna de las cuatro \u00e1reas en las que se enmarca. CEL Working es trabajo en red, con un CORE (n\u00facleo) formado por un grupo de socios consultores, expertos en diferentes \u00e1reas, que lideran e impulsan la actividad de la c\u00e9lula que unida a otras c\u00e9lulas activas y vivas aprovechan y generan proyectos, pero tambi\u00e9n ayudan a convertir ideas en proyectos aprovechando las sinergias de todo el grupo.<\/p>\n<p>&nbsp;<\/p>\n<p align=\"justify\"><strong>COLEGIO JUAN DE LANUZA<\/strong><\/p>\n<p align=\"justify\"><img loading=\"lazy\" decoding=\"async\" class=\"alignnone wp-image-205 \" src=\"http:\/\/blogs.ciberespiral.org\/aumentame15\/wp-content\/uploads\/sites\/14\/2015\/01\/logo-300x184.jpg\" alt=\"logo\" width=\"232\" height=\"142\" srcset=\"https:\/\/blogs.ciberespiral.org\/aumentame15\/wp-content\/uploads\/sites\/14\/2015\/01\/logo-300x184.jpg 300w, https:\/\/blogs.ciberespiral.org\/aumentame15\/wp-content\/uploads\/sites\/14\/2015\/01\/logo-1024x629.jpg 1024w\" sizes=\"auto, (max-width: 232px) 100vw, 232px\" \/><\/p>\n<p align=\"justify\">El <a href=\"http:\/\/juandelanuza.org\/\">Colegio Juan de Lanuza<\/a> es un centro privado de Zaragoza, en el que los alumnos reciben una educaci\u00f3n biling\u00fce en ingl\u00e9s y espa\u00f1ol, adem\u00e1s de una ampl\u00edsima formaci\u00f3n en otras lenguas, como alem\u00e1n, franc\u00e9s o chino. La innovaci\u00f3n educativa es una se\u00f1a de identidad de Juan de Lanuza. Los estudiantes son los aut\u00e9nticos protagonistas, ya que las Metodolog\u00edas Activas que utilizamos los convierten en centro de aprendizaje, siendo el profesor un gu\u00eda del proceso ense\u00f1anza-aprendizaje. El uso de las Nuevas Tecnolog\u00edas nos hace asimismo estar a la cabeza, gracias al Programa de TIC, en el que se realizar proyectos con Arduino o Scratch, y se educa a los alumnos hacia el uso responsable de Internet. Ofrecemos una educaci\u00f3n integral, atendiendo especialmente a la Inteligencia Emocional y los valores, con lo que conseguimos que los ni\u00f1os acudan felices al Centro, y est\u00e9n preparados para un exitoso acceso a la Universidad y a la sociedad del siglo XXI.<\/p>\n<p>&nbsp;<\/p>\n<p align=\"justify\"><strong>HOMIDO<\/strong><\/p>\n<p align=\"justify\"><a href=\"http:\/\/blogs.ciberespiral.org\/aumentame15\/wp-content\/uploads\/sites\/14\/2015\/01\/homido.png\"><img loading=\"lazy\" decoding=\"async\" class=\"alignnone wp-image-201 size-medium\" src=\"http:\/\/blogs.ciberespiral.org\/aumentame15\/wp-content\/uploads\/sites\/14\/2015\/01\/homido-300x75.png\" alt=\"homido\" width=\"300\" height=\"75\" srcset=\"https:\/\/blogs.ciberespiral.org\/aumentame15\/wp-content\/uploads\/sites\/14\/2015\/01\/homido-300x75.png 300w, https:\/\/blogs.ciberespiral.org\/aumentame15\/wp-content\/uploads\/sites\/14\/2015\/01\/homido.png 765w\" sizes=\"auto, (max-width: 300px) 100vw, 300px\" \/><\/a><\/p>\n<p align=\"justify\"><a href=\"http:\/\/www.homido.com\/en\">Homido<\/a>, our company = our product<\/p>\n<p>&nbsp;<\/p>\n<p align=\"justify\"><strong>ALL VR EDUCATION<\/strong><\/p>\n<p align=\"justify\"><a href=\"http:\/\/blogs.ciberespiral.org\/aumentame15\/wp-content\/uploads\/sites\/14\/2015\/04\/Allvredu.jpg\"><img loading=\"lazy\" decoding=\"async\" class=\"alignnone  wp-image-227\" src=\"http:\/\/blogs.ciberespiral.org\/aumentame15\/wp-content\/uploads\/sites\/14\/2015\/04\/Allvredu.jpg\" alt=\"Allvredu\" width=\"185\" height=\"121\" srcset=\"https:\/\/blogs.ciberespiral.org\/aumentame15\/wp-content\/uploads\/sites\/14\/2015\/04\/Allvredu.jpg 808w, https:\/\/blogs.ciberespiral.org\/aumentame15\/wp-content\/uploads\/sites\/14\/2015\/04\/Allvredu-300x197.jpg 300w, https:\/\/blogs.ciberespiral.org\/aumentame15\/wp-content\/uploads\/sites\/14\/2015\/04\/Allvredu-200x130.jpg 200w\" sizes=\"auto, (max-width: 185px) 100vw, 185px\" \/><\/a><\/p>\n<p align=\"justify\">&lt;<a href=\"http:\/\/www.allvreducation.com\/\" target=\"_blank\">All VR Education<\/a>&gt;\u00bbAcercamos la Realidad Virtual Inmersiva al p\u00fablico en general, mediante talleres, cursos y eventos\u00a0de diferente tipolog\u00eda.\u00bb=\u00bbEvaluamos apps de componente educativo y\/o terap\u00e9utico, con la finalidad de darlas a conocer.\u00bb=\u00bbConceptualizamos, dise\u00f1amos y desarrollamos contenidos para diferentes dispositivos.\u00bb&lt;strong&gt;<em><strong>\u00abAll VR Education te muestra la puerta, eres t\u00fa qui\u00e9n tiene que traspasarla&#8230; :)\u00bb<\/strong><\/em>&lt;\/strong&gt;<em>&lt;\/<\/em><a href=\"http:\/\/www.allvreducation.com\/\" target=\"_blank\">All VR Education<\/a>&gt;<\/p>\n<p>&nbsp;<\/p>\n<p align=\"justify\"><strong>EDUCACI\u00d3N 3.0<\/strong><\/p>\n<p align=\"justify\"><a href=\"http:\/\/www.educaciontrespuntocero.com\/\"><img loading=\"lazy\" decoding=\"async\" class=\"size-medium wp-image-334 alignnone\" title=\"logo350\" src=\"http:\/\/ciberespiral.org\/jornadas13\/aumentame\/files\/2013\/03\/logo350-300x69.png\" alt=\"\" width=\"300\" height=\"69\" \/><\/a><\/p>\n<p align=\"justify\"><a href=\"http:\/\/www.educaciontrespuntocero.com\/\">Educaci\u00f3n 3.0<\/a>,\u00a0la revista del aula del siglo XXI. Nuestro objetivo es contribuir a hacer m\u00e1s sencilla la integraci\u00f3n de las TIC en el sector educativo. Para ello, ofrecemos todo tipo de contenidos (informaci\u00f3n, nuevos dispositivos, novedades editoriales, recursos educativos, materiales curriculares, plataformas, software, juegos\u2026) que resulten \u00fatiles a los integrantes de la comunidad educativa espa\u00f1ola: docentes, jefes de estudios, administraci\u00f3n, padres, alumnos\u2026<\/p>\n<p>&nbsp;<\/p>\n<p align=\"justify\"><a href=\"http:\/\/blogs.ciberespiral.org\/aumentame15\/wp-content\/uploads\/sites\/14\/2015\/04\/ccp.png\"><img loading=\"lazy\" decoding=\"async\" class=\"alignnone  wp-image-275\" src=\"http:\/\/blogs.ciberespiral.org\/aumentame15\/wp-content\/uploads\/sites\/14\/2015\/04\/ccp.png\" alt=\"ccp\" width=\"200\" height=\"128\" srcset=\"https:\/\/blogs.ciberespiral.org\/aumentame15\/wp-content\/uploads\/sites\/14\/2015\/04\/ccp.png 300w, https:\/\/blogs.ciberespiral.org\/aumentame15\/wp-content\/uploads\/sites\/14\/2015\/04\/ccp-204x130.png 204w\" sizes=\"auto, (max-width: 200px) 100vw, 200px\" \/><\/a><\/p>\n<p align=\"justify\"><strong>CENTRO DE COMUNICACI\u00d3N Y PEDAGOG\u00cdA<\/strong><\/p>\n<p align=\"justify\"><a href=\"http:\/\/www.centrocp.com\/\">Centro de Comunicaci\u00f3n y Pedagog\u00eda<\/a> es una empresa integrada por pedagogos, periodistas, t\u00e9cnicos y profesionales que promueve la utilizaci\u00f3n de la tecnolog\u00eda y los medios de comunicaci\u00f3n como recurso did\u00e1ctico.<\/p>\n","protected":false},"excerpt":{"rendered":"<p>&nbsp; AUMENTATY Aumentaty es una compa\u00f1\u00eda centrada en el desarrollo de motores, aplicaciones y proyectos en Realidad Aumentada,\u00a0con tecnolog\u00edas que abarcan desde los marcadores fiduciales y markerless, Visual Search, Geolocalizaci\u00f3n, RBG-D, integraci\u00f3n con dispositivos de Realidad Virtual, cascos, gafas Google Glass y tecnolog\u00edas wearables, abarcando cross-platform \/ cross-display : Windows, Mac OSx, Linux, Android e [&hellip;]<\/p>\n","protected":false},"author":21,"featured_media":0,"parent":0,"menu_order":0,"comment_status":"closed","ping_status":"closed","template":"","meta":{"footnotes":""},"class_list":["post-16","page","type-page","status-publish","hentry"],"_links":{"self":[{"href":"https:\/\/blogs.ciberespiral.org\/aumentame15\/wp-json\/wp\/v2\/pages\/16","targetHints":{"allow":["GET"]}}],"collection":[{"href":"https:\/\/blogs.ciberespiral.org\/aumentame15\/wp-json\/wp\/v2\/pages"}],"about":[{"href":"https:\/\/blogs.ciberespiral.org\/aumentame15\/wp-json\/wp\/v2\/types\/page"}],"author":[{"embeddable":true,"href":"https:\/\/blogs.ciberespiral.org\/aumentame15\/wp-json\/wp\/v2\/users\/21"}],"replies":[{"embeddable":true,"href":"https:\/\/blogs.ciberespiral.org\/aumentame15\/wp-json\/wp\/v2\/comments?post=16"}],"version-history":[{"count":26,"href":"https:\/\/blogs.ciberespiral.org\/aumentame15\/wp-json\/wp\/v2\/pages\/16\/revisions"}],"predecessor-version":[{"id":280,"href":"https:\/\/blogs.ciberespiral.org\/aumentame15\/wp-json\/wp\/v2\/pages\/16\/revisions\/280"}],"wp:attachment":[{"href":"https:\/\/blogs.ciberespiral.org\/aumentame15\/wp-json\/wp\/v2\/media?parent=16"}],"curies":[{"name":"wp","href":"https:\/\/api.w.org\/{rel}","templated":true}]}}