{"id":13,"date":"2015-01-16T23:05:08","date_gmt":"2015-01-16T22:05:08","guid":{"rendered":"http:\/\/blogs.ciberespiral.org\/aumentame15\/?page_id=13"},"modified":"2015-05-05T23:05:25","modified_gmt":"2015-05-05T22:05:25","slug":"inscripcion","status":"publish","type":"page","link":"https:\/\/blogs.ciberespiral.org\/aumentame15\/inscripcion\/","title":{"rendered":"Inscripci\u00f3n"},"content":{"rendered":"<div align=\"center\">\n<h3>El per\u00edodo de inscripci\u00f3n ha finalizado<\/h3>\n<p>Lamentablemente, el per\u00edodo de inscripci\u00f3n ha finalizado. Ya no es posible inscribirse al evento<\/p>\n<p>&nbsp;<\/p>\n<p>&nbsp;<\/p>\n<p>&nbsp;<\/p>\n<p>&nbsp;<\/p>\n<p>&nbsp;<\/p>\n<p>&nbsp;<\/p>\n<p>&nbsp;<\/p>\n<p>&nbsp;<\/p>\n<p>&nbsp;<\/p>\n<p>&nbsp;<\/p>\n<p align=\"justify\">\n<\/div>\n","protected":false},"excerpt":{"rendered":"<p>El per\u00edodo de inscripci\u00f3n ha finalizado Lamentablemente, el per\u00edodo de inscripci\u00f3n ha finalizado. Ya no es posible inscribirse al evento &nbsp; &nbsp; &nbsp; &nbsp; &nbsp; &nbsp; &nbsp; &nbsp; &nbsp; &nbsp;<\/p>\n","protected":false},"author":21,"featured_media":0,"parent":0,"menu_order":0,"comment_status":"closed","ping_status":"open","template":"","meta":{"footnotes":""},"class_list":["post-13","page","type-page","status-publish","hentry"],"_links":{"self":[{"href":"https:\/\/blogs.ciberespiral.org\/aumentame15\/wp-json\/wp\/v2\/pages\/13","targetHints":{"allow":["GET"]}}],"collection":[{"href":"https:\/\/blogs.ciberespiral.org\/aumentame15\/wp-json\/wp\/v2\/pages"}],"about":[{"href":"https:\/\/blogs.ciberespiral.org\/aumentame15\/wp-json\/wp\/v2\/types\/page"}],"author":[{"embeddable":true,"href":"https:\/\/blogs.ciberespiral.org\/aumentame15\/wp-json\/wp\/v2\/users\/21"}],"replies":[{"embeddable":true,"href":"https:\/\/blogs.ciberespiral.org\/aumentame15\/wp-json\/wp\/v2\/comments?post=13"}],"version-history":[{"count":21,"href":"https:\/\/blogs.ciberespiral.org\/aumentame15\/wp-json\/wp\/v2\/pages\/13\/revisions"}],"predecessor-version":[{"id":297,"href":"https:\/\/blogs.ciberespiral.org\/aumentame15\/wp-json\/wp\/v2\/pages\/13\/revisions\/297"}],"wp:attachment":[{"href":"https:\/\/blogs.ciberespiral.org\/aumentame15\/wp-json\/wp\/v2\/media?parent=13"}],"curies":[{"name":"wp","href":"https:\/\/api.w.org\/{rel}","templated":true}]}}