{"id":117,"date":"2015-03-12T22:20:24","date_gmt":"2015-03-12T21:20:24","guid":{"rendered":"http:\/\/blogs.ciberespiral.org\/aumentame15\/?page_id=117"},"modified":"2015-04-22T20:44:29","modified_gmt":"2015-04-22T19:44:29","slug":"alojamiento","status":"publish","type":"page","link":"https:\/\/blogs.ciberespiral.org\/aumentame15\/alojamiento\/","title":{"rendered":"Alojamiento"},"content":{"rendered":"<h2 class=\"titHtlGold\"><\/h2>\n<h2 class=\"titHtlGold\"><\/h2>\n<h2 class=\"titHtlGold\"><\/h2>\n<h2 class=\"titHtlGold\"><\/h2>\n<p class=\"titHtlGold\"><strong>HOTEL EUROSTAR PLAZA DELICIAS<\/strong><\/p>\n<p class=\"hold\">El \u00fanico hotel de Espa\u00f1a a 90 minutos de Barcelona y 90 minutos de Madrid. M\u00e1s de 20 trenes diarios desde la estaci\u00f3n del AVE, frente por frente del hotel<\/p>\n<h2 class=\"titHtlGold\"><img loading=\"lazy\" decoding=\"async\" class=\" wp-image-273 aligncenter\" src=\"http:\/\/blogs.ciberespiral.org\/aumentame15\/wp-content\/uploads\/sites\/14\/2015\/04\/eurostars-plaza-delicias.jpg\" alt=\"eurostars-plaza-delicias\" width=\"500\" height=\"375\" srcset=\"https:\/\/blogs.ciberespiral.org\/aumentame15\/wp-content\/uploads\/sites\/14\/2015\/04\/eurostars-plaza-delicias.jpg 800w, https:\/\/blogs.ciberespiral.org\/aumentame15\/wp-content\/uploads\/sites\/14\/2015\/04\/eurostars-plaza-delicias-300x225.jpg 300w\" sizes=\"auto, (max-width: 500px) 100vw, 500px\" \/><\/h2>\n<div>Direcci\u00f3n:\u00a0Los Fayos 11<\/div>\n<div>Tel\u00e9fono:\u00a0976340440<\/div>\n<div>Fax:\u00a0976315422<\/div>\n<div><strong>Latitud:\u00a0<\/strong>41.656417<\/div>\n<div><strong>Longitud:\u00a0<\/strong>-0.914894<\/div>\n<div><\/div>\n<div class=\"email\">Email:\u00a0reservas@eurostarsplazadelicias.com<\/div>\n<p>P\u00e1gina web: http:\/\/www.eurostarsplazadelicias.com\/<\/p>\n<p>SOLICITA TU C\u00d3DIGO DESCUENTO.<\/p>\n<p>&nbsp;<\/p>\n<p class=\"titHtlGold\"><strong>Organiza\u00a0tu viaje:<\/strong><\/p>\n<div id=\"infoContacto\" class=\"mb10\">\n<p><a href=\"http:\/\/www.zaragoza.es\/ciudad\/turismo\/es\/profesionales\/zaragoza-congresos\/agenda.htm\"><img decoding=\"async\" style=\"width: 180px; height: 58px;\" src=\"http:\/\/blogs.ciberespiral.org\/aumentame15\/wp-content\/uploads\/sites\/14\/2015\/03\/Logo-Turismo.jpg\" alt=\"\" \/><\/a><\/p>\n<p>&nbsp;<\/p>\n<p>&nbsp;<\/p>\n<\/div>\n","protected":false},"excerpt":{"rendered":"<p>HOTEL EUROSTAR PLAZA DELICIAS El \u00fanico hotel de Espa\u00f1a a 90 minutos de Barcelona y 90 minutos de Madrid. M\u00e1s de 20 trenes diarios desde la estaci\u00f3n del AVE, frente por frente del hotel Direcci\u00f3n:\u00a0Los Fayos 11 Tel\u00e9fono:\u00a0976340440 Fax:\u00a0976315422 Latitud:\u00a041.656417 Longitud:\u00a0-0.914894 Email:\u00a0reservas@eurostarsplazadelicias.com P\u00e1gina web: http:\/\/www.eurostarsplazadelicias.com\/ SOLICITA TU C\u00d3DIGO DESCUENTO. &nbsp; Organiza\u00a0tu viaje: &nbsp; &nbsp;<\/p>\n","protected":false},"author":21,"featured_media":0,"parent":0,"menu_order":0,"comment_status":"closed","ping_status":"open","template":"","meta":{"footnotes":""},"class_list":["post-117","page","type-page","status-publish","hentry"],"_links":{"self":[{"href":"https:\/\/blogs.ciberespiral.org\/aumentame15\/wp-json\/wp\/v2\/pages\/117","targetHints":{"allow":["GET"]}}],"collection":[{"href":"https:\/\/blogs.ciberespiral.org\/aumentame15\/wp-json\/wp\/v2\/pages"}],"about":[{"href":"https:\/\/blogs.ciberespiral.org\/aumentame15\/wp-json\/wp\/v2\/types\/page"}],"author":[{"embeddable":true,"href":"https:\/\/blogs.ciberespiral.org\/aumentame15\/wp-json\/wp\/v2\/users\/21"}],"replies":[{"embeddable":true,"href":"https:\/\/blogs.ciberespiral.org\/aumentame15\/wp-json\/wp\/v2\/comments?post=117"}],"version-history":[{"count":10,"href":"https:\/\/blogs.ciberespiral.org\/aumentame15\/wp-json\/wp\/v2\/pages\/117\/revisions"}],"predecessor-version":[{"id":274,"href":"https:\/\/blogs.ciberespiral.org\/aumentame15\/wp-json\/wp\/v2\/pages\/117\/revisions\/274"}],"wp:attachment":[{"href":"https:\/\/blogs.ciberespiral.org\/aumentame15\/wp-json\/wp\/v2\/media?parent=117"}],"curies":[{"name":"wp","href":"https:\/\/api.w.org\/{rel}","templated":true}]}}