{"id":106,"date":"2015-03-12T21:45:22","date_gmt":"2015-03-12T20:45:22","guid":{"rendered":"http:\/\/blogs.ciberespiral.org\/aumentame15\/?page_id=106"},"modified":"2015-03-12T22:41:56","modified_gmt":"2015-03-12T21:41:56","slug":"desplazamiento","status":"publish","type":"page","link":"https:\/\/blogs.ciberespiral.org\/aumentame15\/desplazamiento\/","title":{"rendered":"Desplazamiento"},"content":{"rendered":"<p dir=\"ltr\"><a href=\"http:\/\/blogs.ciberespiral.org\/aumentame15\/wp-content\/uploads\/sites\/14\/2015\/03\/renfe.jpg\"><img loading=\"lazy\" decoding=\"async\" class=\"alignnone  wp-image-109\" src=\"http:\/\/blogs.ciberespiral.org\/aumentame15\/wp-content\/uploads\/sites\/14\/2015\/03\/renfe.jpg\" alt=\"renfe\" width=\"111\" height=\"45\" srcset=\"https:\/\/blogs.ciberespiral.org\/aumentame15\/wp-content\/uploads\/sites\/14\/2015\/03\/renfe.jpg 2804w, https:\/\/blogs.ciberespiral.org\/aumentame15\/wp-content\/uploads\/sites\/14\/2015\/03\/renfe-300x121.jpg 300w, https:\/\/blogs.ciberespiral.org\/aumentame15\/wp-content\/uploads\/sites\/14\/2015\/03\/renfe-1024x414.jpg 1024w\" sizes=\"auto, (max-width: 111px) 100vw, 111px\" \/><\/a><\/p>\n<p dir=\"ltr\" style=\"text-align: justify;\">RENFE ofrece a los asistentes a la jornada\u00a0un descuento del 35% en las reservas de sus billetes de tren.<\/p>\n<p dir=\"ltr\" style=\"text-align: justify;\">Al comprar el billete, ya sea a trav\u00e9s de los puntos de venta de RENFE o a trav\u00e9s de su p\u00e1gina web <a href=\"http:\/\/www.renfe.es\" target=\"_blank\">www.renfe.es<\/a>,\u00a0en el tipo de descuento <b><big>se debe marcar \u00abCongresos y eventos\u00bb<\/big><\/b> e introducir el n\u00famero que aparece en la autorizaci\u00f3n que facilitaremos a los que as\u00ed lo soliciten\u00a0desde Espiral, Educaci\u00f3n y Tecnolog\u00eda.<\/p>\n<p dir=\"ltr\" style=\"text-align: justify;\">Los billetes que pueden acogerse a este\u00a0descuento ser\u00e1n los que tengan destino\/origen Zaragoza desde\u00a0el 7\u00a0de mayo al 11\u00a0de mayo.<\/p>\n<p dir=\"ltr\" style=\"text-align: justify;\">Los asistentes a la jornada deber\u00e1n llevar en el momento del viaje dicha autorizaci\u00f3n junto con el billete.<\/p>\n<p dir=\"ltr\">\n","protected":false},"excerpt":{"rendered":"<p>RENFE ofrece a los asistentes a la jornada\u00a0un descuento del 35% en las reservas de sus billetes de tren. Al comprar el billete, ya sea a trav\u00e9s de los puntos de venta de RENFE o a trav\u00e9s de su p\u00e1gina web www.renfe.es,\u00a0en el tipo de descuento se debe marcar \u00abCongresos y eventos\u00bb e introducir el [&hellip;]<\/p>\n","protected":false},"author":21,"featured_media":0,"parent":0,"menu_order":0,"comment_status":"closed","ping_status":"open","template":"","meta":{"footnotes":""},"class_list":["post-106","page","type-page","status-publish","hentry"],"_links":{"self":[{"href":"https:\/\/blogs.ciberespiral.org\/aumentame15\/wp-json\/wp\/v2\/pages\/106","targetHints":{"allow":["GET"]}}],"collection":[{"href":"https:\/\/blogs.ciberespiral.org\/aumentame15\/wp-json\/wp\/v2\/pages"}],"about":[{"href":"https:\/\/blogs.ciberespiral.org\/aumentame15\/wp-json\/wp\/v2\/types\/page"}],"author":[{"embeddable":true,"href":"https:\/\/blogs.ciberespiral.org\/aumentame15\/wp-json\/wp\/v2\/users\/21"}],"replies":[{"embeddable":true,"href":"https:\/\/blogs.ciberespiral.org\/aumentame15\/wp-json\/wp\/v2\/comments?post=106"}],"version-history":[{"count":8,"href":"https:\/\/blogs.ciberespiral.org\/aumentame15\/wp-json\/wp\/v2\/pages\/106\/revisions"}],"predecessor-version":[{"id":128,"href":"https:\/\/blogs.ciberespiral.org\/aumentame15\/wp-json\/wp\/v2\/pages\/106\/revisions\/128"}],"wp:attachment":[{"href":"https:\/\/blogs.ciberespiral.org\/aumentame15\/wp-json\/wp\/v2\/media?parent=106"}],"curies":[{"name":"wp","href":"https:\/\/api.w.org\/{rel}","templated":true}]}}