{"id":9,"date":"2014-03-01T22:37:03","date_gmt":"2014-03-01T21:37:03","guid":{"rendered":"http:\/\/blogs.ciberespiral.org\/aumentame14\/?page_id=9"},"modified":"2014-05-05T21:46:27","modified_gmt":"2014-05-05T20:46:27","slug":"sponsors","status":"publish","type":"page","link":"https:\/\/blogs.ciberespiral.org\/aumentame14\/sponsors\/","title":{"rendered":"Sponsors"},"content":{"rendered":"<p><strong>AUMENTATY<\/strong><\/p>\n<p align=\"justify\"><img loading=\"lazy\" decoding=\"async\" class=\"alignnone\" alt=\"\" src=\"http:\/\/www.aumentaty.com\/sites\/default\/files\/logo_1-ENG.png\" width=\"238\" height=\"65\" \/><\/p>\n<p align=\"justify\"><a href=\"http:\/\/aumentaty.com\">Aumentaty<\/a> es una compa\u00f1\u00eda centrada en el desarrollo de motores, aplicaciones y proyectos en Realidad Aumentada,\u00a0con tecnolog\u00edas que abarcan desde los marcadores fiduciales y markerless, Visual Search, Geolocalizaci\u00f3n, RBG-D, integraci\u00f3n con dispositivos de Realidad Virtual, cascos, gafas Google Glass y tecnolog\u00edas wearables, abarcando cross-platform \/ cross-display : Windows, Mac OSx, Linux, Android e iOS.<\/p>\n<p><\/br><br \/>\n<strong>\u00a0C-TOUCH<\/strong><\/p>\n<p><a href=\"http:\/\/blogs.ciberespiral.org\/aumentame14\/wp-content\/uploads\/sites\/10\/2014\/03\/C-touch-logo.jpg\"><img loading=\"lazy\" decoding=\"async\" class=\"alignnone  wp-image-441\" alt=\"C-touch-logo\" src=\"http:\/\/blogs.ciberespiral.org\/aumentame14\/wp-content\/uploads\/sites\/10\/2014\/03\/C-touch-logo.jpg\" width=\"292\" height=\"66\" srcset=\"https:\/\/blogs.ciberespiral.org\/aumentame14\/wp-content\/uploads\/sites\/10\/2014\/03\/C-touch-logo.jpg 1015w, https:\/\/blogs.ciberespiral.org\/aumentame14\/wp-content\/uploads\/sites\/10\/2014\/03\/C-touch-logo-300x67.jpg 300w\" sizes=\"auto, (max-width: 292px) 100vw, 292px\" \/><\/a><\/p>\n<p style=\"text-align: justify;\"><a href=\"http:\/\/www.ctouch.eu\/?l=es#experience\">CTOUCH<\/a> es la marca con mayor crecimiento de mercado en displays t\u00e1ctiles Plug&amp;Play. Pantallas LED de 47 a 84 pulgadas, con cristal antirreflectante, y desde los 4 hasta los 32 puntos de contacto para permitir la interacci\u00f3n m\u00faltiple y el reconocimiento de gestos en los softwares habilitados para ello. Todas las pantallas funcionan con tecnolog\u00eda \u00f3ptica, incluyen dos altavoces de 10W y 3 a\u00f1os de garant\u00eda. Adem\u00e1s soportan los sistemas operativos de Windows, Mac y Linux.<\/p>\n<p>&nbsp;<\/p>\n<p>&nbsp;<\/p>\n<p align=\"justify\"><strong>CEL WORKING<\/strong><\/p>\n<p align=\"justify\"><a href=\"http:\/\/blogs.ciberespiral.org\/aumentame14\/wp-content\/uploads\/sites\/10\/2014\/03\/logocel.png\"><img loading=\"lazy\" decoding=\"async\" class=\"alignnone size-full wp-image-191\" alt=\"logocel\" src=\"http:\/\/blogs.ciberespiral.org\/aumentame14\/wp-content\/uploads\/sites\/10\/2014\/03\/logocel.png\" width=\"269\" height=\"60\" \/><\/a><\/p>\n<p align=\"justify\"><a href=\"http:\/\/www.celworking.com\/\">CEL Working<\/a> es una red de emprendedores\u00a0relacionados con lo social, con la cultura, con la educaci\u00f3n y con la tecnolog\u00eda.\u00a0Pretende poner en valor el\u00a0trabajo colaborativo\u00a0utilizando positivamente el enorme potencial del llamado quinto poder, Internet. CEL Working aglutina personas emprendedoras, empresas y\/o instituciones con iniciativas en alguna de las cuatro \u00e1reas en las que se enmarca. CEL Working es trabajo en red, con un CORE (n\u00facleo) formado por un grupo de socios consultores, expertos en diferentes \u00e1reas, que lideran e impulsan la actividad de la c\u00e9lula que unida a otras c\u00e9lulas activas y vivas aprovechan y generan proyectos, pero tambi\u00e9n ayudan a convertir ideas en proyectos aprovechando las sinergias de todo el grupo.<\/p>\n<p><\/br><br \/>\n<strong>EDIAMSISTEMAS<\/strong><\/p>\n<p><a href=\"http:\/\/blogs.ciberespiral.org\/aumentame14\/wp-content\/uploads\/sites\/10\/2014\/04\/logo_eDiamSistemas_Desarrollo_de_aplicaciones_moviles.png\"><img loading=\"lazy\" decoding=\"async\" class=\"alignnone size-full wp-image-370\" alt=\"logo_eDiamSistemas_Desarrollo_de_aplicaciones_moviles\" src=\"http:\/\/blogs.ciberespiral.org\/aumentame14\/wp-content\/uploads\/sites\/10\/2014\/04\/logo_eDiamSistemas_Desarrollo_de_aplicaciones_moviles.png\" width=\"220\" height=\"80\" \/><\/a><\/p>\n<p align=\"justify\"><a href=\"http:\/\/www.ediamsistemas.com\/\">EDiamSistemas<\/a> es una empresa dedicada al desarrollo y uso de nuevas tecnolog\u00edas (Realidad Aumentada, el Geolocalizaci\u00f3n, los QRCodes y las Redes Sociales)\u00a0como herramientas para el marketing y la publicidad. Desarrolladores de aplicaciones en los navegador de Realidad Aumentada Layar y Junaio, del que son\u00a0desarrolladores\u00a0certificados. Participantes en el Proyecto Venturi.<\/p>\n<p>&nbsp;<\/p>\n<p align=\"justify\"><strong>QPERTIN CULTURA INTERACTIVA<\/strong><\/p>\n<p align=\"justify\"><a href=\"http:\/\/blogs.ciberespiral.org\/aumentame14\/wp-content\/uploads\/sites\/10\/2014\/04\/qpertinlogosmall.jpg\"><img loading=\"lazy\" decoding=\"async\" alt=\"qpertinlogosmall\" src=\"http:\/\/blogs.ciberespiral.org\/aumentame14\/wp-content\/uploads\/sites\/10\/2014\/04\/qpertinlogosmall.jpg\" width=\"180\" height=\"147\" \/><\/a><\/p>\n<p align=\"justify\"><a href=\"http:\/\/www.qpertin.com\/\">Qpertin Cultura Interactiva<\/a>.\u00a0Es un equipo multidisciplinar procedente del \u00e1mbito educativo, tecnol\u00f3gico y empresarial que aporta las aptitudes y actitudes necesarias para acercar a las familias y a las escuelas con ni\u00f1os y ni\u00f1as de 3 a 12 a\u00f1os a la cultura interactiva, a trav\u00e9s de las apps educativas para dispositivos tablets.<\/p>\n<p align=\"justify\">Dise\u00f1amos y dinamizamos talleres y proyectos educativos utilizando las apps educativas como canal vehicular para transmitir valores y fomentar la creatividad y el aprendizaje en diferentes disciplinas (literatura, musical, arte, h\u00e1bitos saludables, conocimiento del medio,\u2026.)<\/p>\n<p>&nbsp;<\/p>\n<p align=\"justify\"><strong>SEABERY SOLUCIONES<\/strong><\/p>\n<p align=\"justify\"><a href=\"http:\/\/blogs.ciberespiral.org\/aumentame14\/wp-content\/uploads\/sites\/10\/2014\/03\/seabery.png\"><img loading=\"lazy\" decoding=\"async\" class=\"alignnone size-full wp-image-203\" alt=\"seabery\" src=\"http:\/\/blogs.ciberespiral.org\/aumentame14\/wp-content\/uploads\/sites\/10\/2014\/03\/seabery.png\" width=\"208\" height=\"105\" \/><\/a><\/p>\n<p align=\"justify\"><a href=\"http:\/\/seabery.es\/\">Seabery Soluciones<\/a>\u00a0es una compa\u00f1\u00eda de base tecnol\u00f3gica dedicada al desarrollo e integraci\u00f3n de tecnolog\u00edas avanzadas para la educaci\u00f3n. Su propuesta es la plataforma tecnol\u00f3gica denominada\u00a0AUGMENTED TRAINING: soluci\u00f3n integral que combina e-Learning, software de gesti\u00f3n y an\u00e1lisis inteligente, Realidad Aumentada y simulaci\u00f3n, para mejorar los resultados de la formaci\u00f3n profesional y vocacional en todo el mundo.\u00a0AUGMENTED TRAINING propone igualmente un cambio en el modelo educativo para hacerlo m\u00e1s eficiente, atractivo para los alumnos, sencillo y vers\u00e1til para el profesor, a la vez que m\u00e1s seguro y sostenible. SOLDAMATIC Welding Training\u00a0es la primera aplicaci\u00f3n de AUGMENTED TRAINING, y se encuentran en desarrollo otras soluciones revolucionarias en campos tan importantes como el de la formaci\u00f3n m\u00e9dica.\u00a0Seabery Soluciones integra\u00a0e-Learning, simulaci\u00f3n,\u00a0realidad aumentada, management software, cloud computing y apps para dispositivos m\u00f3viles para ofrecer una\u00a0formaci\u00f3n accesible desde cualquier dispositivo, que inspire la motivaci\u00f3n\u00a0y\u00a0potencie el talento de los j\u00f3venes.<\/p>\n","protected":false},"excerpt":{"rendered":"<p>AUMENTATY Aumentaty es una compa\u00f1\u00eda centrada en el desarrollo de motores, aplicaciones y proyectos en Realidad Aumentada,\u00a0con tecnolog\u00edas que abarcan desde los marcadores fiduciales y markerless, Visual Search, Geolocalizaci\u00f3n, RBG-D, integraci\u00f3n con dispositivos de Realidad Virtual, cascos, gafas Google Glass y tecnolog\u00edas wearables, abarcando cross-platform \/ cross-display : Windows, Mac OSx, Linux, Android e iOS. [&hellip;]<\/p>\n","protected":false},"author":21,"featured_media":0,"parent":0,"menu_order":0,"comment_status":"closed","ping_status":"open","template":"","meta":{"footnotes":""},"class_list":["post-9","page","type-page","status-publish","hentry"],"_links":{"self":[{"href":"https:\/\/blogs.ciberespiral.org\/aumentame14\/wp-json\/wp\/v2\/pages\/9","targetHints":{"allow":["GET"]}}],"collection":[{"href":"https:\/\/blogs.ciberespiral.org\/aumentame14\/wp-json\/wp\/v2\/pages"}],"about":[{"href":"https:\/\/blogs.ciberespiral.org\/aumentame14\/wp-json\/wp\/v2\/types\/page"}],"author":[{"embeddable":true,"href":"https:\/\/blogs.ciberespiral.org\/aumentame14\/wp-json\/wp\/v2\/users\/21"}],"replies":[{"embeddable":true,"href":"https:\/\/blogs.ciberespiral.org\/aumentame14\/wp-json\/wp\/v2\/comments?post=9"}],"version-history":[{"count":29,"href":"https:\/\/blogs.ciberespiral.org\/aumentame14\/wp-json\/wp\/v2\/pages\/9\/revisions"}],"predecessor-version":[{"id":444,"href":"https:\/\/blogs.ciberespiral.org\/aumentame14\/wp-json\/wp\/v2\/pages\/9\/revisions\/444"}],"wp:attachment":[{"href":"https:\/\/blogs.ciberespiral.org\/aumentame14\/wp-json\/wp\/v2\/media?parent=9"}],"curies":[{"name":"wp","href":"https:\/\/api.w.org\/{rel}","templated":true}]}}