{"id":33,"date":"2014-03-02T08:54:49","date_gmt":"2014-03-02T07:54:49","guid":{"rendered":"http:\/\/blogs.ciberespiral.org\/aumentame14\/?page_id=33"},"modified":"2016-03-01T19:54:02","modified_gmt":"2016-03-01T18:54:02","slug":"call-for-papers","status":"publish","type":"page","link":"https:\/\/blogs.ciberespiral.org\/aumentame14\/call-for-papers\/","title":{"rendered":"Comunicaciones"},"content":{"rendered":"<p align=\"justify\">La Asociaci\u00f3n <strong>Espiral, Educaci\u00f3n y Tecnolog\u00eda<\/strong> y <strong>OnGranada Tech City<\/strong> tienen el placer de comunicaros la celebraci\u00f3n de la <strong>Jornada Aumentame 2014<\/strong>, que tendr\u00e1 lugar en el singular <strong>edificio de la Confederaci\u00f3n Granadina de Empresarios el pr\u00f3ximo 17 de Mayo<\/strong>.<\/p>\n<p align=\"justify\">La Jornada Aumentame 2014 es una iniciativa de la asociaci\u00f3n Espiral, Educaci\u00f3n y Tecnolog\u00eda, que se enmarca dentro de las acciones y proyectos que desarrolla el <strong>Observatorio de Innovaci\u00f3n Tecnol\u00f3gica y Educativa (ODITE).<\/strong><\/p>\n<p align=\"justify\">El Comit\u00e9 Organizador desea que este jornada se\u00a0convierta en un punto de encuentro internacional para el intercambio de experiencias, proyectos e ideas entre docentes, investigadores y profesionales vinculados a la Realidad Aumentada y la Educaci\u00f3n.<\/p>\n<p align=\"justify\">Animamos a todas las personas interesadas a participar activamente y a compartir sus conocimientos y experiencias en Aumentame 2014.<\/p>\n<p>\u00a1Gracias!<\/p>\n<p style=\"text-align: left;\">Equipo Aumenta.me 2014<\/p>\n<p><strong>CALENDARIO<\/strong><\/p>\n<p><strong>Fecha l\u00edmite para el env\u00edo de comunicaciones: 25 de Abril de 2014.<\/strong><\/p>\n<p><strong>Notificaci\u00f3n de la aceptaci\u00f3n de comunicaciones: 1 de Mayo de 2014.<\/strong><\/p>\n<p><strong>Fecha de celebraci\u00f3n de la jornada: 17 de Mayo de 2014.<\/strong><\/p>\n<div align=\"center\"><iframe loading=\"lazy\" src=\"https:\/\/docs.google.com\/forms\/d\/1gouKddHx9JFkc5RCNsgtsxC7RjOWhpSHrDb0TenvpMM\/viewform?embedded=true\" width=\"760\" height=\"2200\" frameborder=\"0\" marginwidth=\"0\" marginheight=\"0\"><\/iframe><\/div>\n","protected":false},"excerpt":{"rendered":"<p>La Asociaci\u00f3n Espiral, Educaci\u00f3n y Tecnolog\u00eda y OnGranada Tech City tienen el placer de comunicaros la celebraci\u00f3n de la Jornada Aumentame 2014, que tendr\u00e1 lugar en el singular edificio de la Confederaci\u00f3n Granadina de Empresarios el pr\u00f3ximo 17 de Mayo. La Jornada Aumentame 2014 es una iniciativa de la asociaci\u00f3n Espiral, Educaci\u00f3n y Tecnolog\u00eda, que [&hellip;]<\/p>\n","protected":false},"author":21,"featured_media":0,"parent":0,"menu_order":0,"comment_status":"closed","ping_status":"open","template":"template-fullwidth.php","meta":{"footnotes":""},"class_list":["post-33","page","type-page","status-publish","hentry"],"_links":{"self":[{"href":"https:\/\/blogs.ciberespiral.org\/aumentame14\/wp-json\/wp\/v2\/pages\/33","targetHints":{"allow":["GET"]}}],"collection":[{"href":"https:\/\/blogs.ciberespiral.org\/aumentame14\/wp-json\/wp\/v2\/pages"}],"about":[{"href":"https:\/\/blogs.ciberespiral.org\/aumentame14\/wp-json\/wp\/v2\/types\/page"}],"author":[{"embeddable":true,"href":"https:\/\/blogs.ciberespiral.org\/aumentame14\/wp-json\/wp\/v2\/users\/21"}],"replies":[{"embeddable":true,"href":"https:\/\/blogs.ciberespiral.org\/aumentame14\/wp-json\/wp\/v2\/comments?post=33"}],"version-history":[{"count":10,"href":"https:\/\/blogs.ciberespiral.org\/aumentame14\/wp-json\/wp\/v2\/pages\/33\/revisions"}],"predecessor-version":[{"id":509,"href":"https:\/\/blogs.ciberespiral.org\/aumentame14\/wp-json\/wp\/v2\/pages\/33\/revisions\/509"}],"wp:attachment":[{"href":"https:\/\/blogs.ciberespiral.org\/aumentame14\/wp-json\/wp\/v2\/media?parent=33"}],"curies":[{"name":"wp","href":"https:\/\/api.w.org\/{rel}","templated":true}]}}