{"id":11,"date":"2014-03-01T22:37:26","date_gmt":"2014-03-01T21:37:26","guid":{"rendered":"http:\/\/blogs.ciberespiral.org\/aumentame14\/?page_id=11"},"modified":"2014-03-14T00:24:53","modified_gmt":"2014-03-13T23:24:53","slug":"media-partners","status":"publish","type":"page","link":"https:\/\/blogs.ciberespiral.org\/aumentame14\/media-partners\/","title":{"rendered":"Media Partners"},"content":{"rendered":"<p align=\"justify\"><strong>EDUCACI\u00d3N 3.0<\/strong><\/p>\n<p align=\"justify\"><a href=\"http:\/\/www.educaciontrespuntocero.com\/\"><img loading=\"lazy\" decoding=\"async\" class=\"size-medium wp-image-334 alignnone\" title=\"logo350\" alt=\"\" src=\"http:\/\/ciberespiral.org\/jornadas13\/aumentame\/files\/2013\/03\/logo350-300x69.png\" width=\"300\" height=\"69\" \/><\/a><\/p>\n<p align=\"justify\"><a href=\"http:\/\/www.educaciontrespuntocero.com\/\">Educaci\u00f3n 3.0<\/a>,\u00a0la revista del aula del siglo XXI. Nuestro objetivo es contribuir a hacer m\u00e1s sencilla la integraci\u00f3n de las TIC en el sector educativo. Para ello, ofrecemos todo tipo de contenidos (informaci\u00f3n, nuevos dispositivos, novedades editoriales, recursos educativos, materiales curriculares, plataformas, software, juegos\u2026) que resulten \u00fatiles a los integrantes de la comunidad educativa espa\u00f1ola: docentes, jefes de estudios, administraci\u00f3n, padres, alumnos\u2026<\/p>\n","protected":false},"excerpt":{"rendered":"<p>EDUCACI\u00d3N 3.0 Educaci\u00f3n 3.0,\u00a0la revista del aula del siglo XXI. Nuestro objetivo es contribuir a hacer m\u00e1s sencilla la integraci\u00f3n de las TIC en el sector educativo. Para ello, ofrecemos todo tipo de contenidos (informaci\u00f3n, nuevos dispositivos, novedades editoriales, recursos educativos, materiales curriculares, plataformas, software, juegos\u2026) que resulten \u00fatiles a los integrantes de la comunidad [&hellip;]<\/p>\n","protected":false},"author":21,"featured_media":0,"parent":0,"menu_order":0,"comment_status":"closed","ping_status":"open","template":"","meta":{"footnotes":""},"class_list":["post-11","page","type-page","status-publish","hentry"],"_links":{"self":[{"href":"https:\/\/blogs.ciberespiral.org\/aumentame14\/wp-json\/wp\/v2\/pages\/11","targetHints":{"allow":["GET"]}}],"collection":[{"href":"https:\/\/blogs.ciberespiral.org\/aumentame14\/wp-json\/wp\/v2\/pages"}],"about":[{"href":"https:\/\/blogs.ciberespiral.org\/aumentame14\/wp-json\/wp\/v2\/types\/page"}],"author":[{"embeddable":true,"href":"https:\/\/blogs.ciberespiral.org\/aumentame14\/wp-json\/wp\/v2\/users\/21"}],"replies":[{"embeddable":true,"href":"https:\/\/blogs.ciberespiral.org\/aumentame14\/wp-json\/wp\/v2\/comments?post=11"}],"version-history":[{"count":8,"href":"https:\/\/blogs.ciberespiral.org\/aumentame14\/wp-json\/wp\/v2\/pages\/11\/revisions"}],"predecessor-version":[{"id":140,"href":"https:\/\/blogs.ciberespiral.org\/aumentame14\/wp-json\/wp\/v2\/pages\/11\/revisions\/140"}],"wp:attachment":[{"href":"https:\/\/blogs.ciberespiral.org\/aumentame14\/wp-json\/wp\/v2\/media?parent=11"}],"curies":[{"name":"wp","href":"https:\/\/api.w.org\/{rel}","templated":true}]}}