{"id":138,"date":"2013-09-30T16:29:46","date_gmt":"2013-09-30T16:29:46","guid":{"rendered":"http:\/\/ciberespiral.org\/aulasinnovadoras\/?page_id=138"},"modified":"2014-04-06T14:30:14","modified_gmt":"2014-04-06T14:30:14","slug":"equipo-de-aulas-innovadoras","status":"publish","type":"page","link":"https:\/\/blogs.ciberespiral.org\/aulasinnovadoras\/equipo-de-aulas-innovadoras\/","title":{"rendered":"Equipo de Aulas Innovadoras"},"content":{"rendered":"<table width=\"566\" border=\"1\" cellspacing=\"0\" cellpadding=\"4\">\n<colgroup>\n<col width=\"256*\" \/> <\/colgroup>\n<tbody>\n<tr>\n<td valign=\"TOP\" width=\"100%\">\n<p style=\"text-align: center;\" align=\"CENTER\"><a href=\"http:\/\/blogs.ciberespiral.org\/aulasinnovadoras\/wp-content\/uploads\/sites\/4\/2013\/08\/1Aulas_Innovadorasg.jpg\"><img loading=\"lazy\" decoding=\"async\" class=\"alignnone size-full wp-image-52\" alt=\"1Aulas_Innovadorasg\" src=\"http:\/\/blogs.ciberespiral.org\/aulasinnovadoras\/wp-content\/uploads\/sites\/4\/2013\/08\/1Aulas_Innovadorasg.jpg\" width=\"200\" height=\"151\" \/><\/a><\/p>\n<p style=\"text-align: center;\" align=\"CENTER\"><a name=\"docs-internal-guid-11f5437e-696c-8759-5e54-c054de744ac2\"><\/a> <span style=\"color: #ff0000;\"><b>Miembros del \u00e1rea<\/b><\/span><\/p>\n<\/td>\n<\/tr>\n<tr>\n<td valign=\"TOP\" width=\"100%\">\n<p align=\"CENTER\"><a name=\"docs-internal-guid-11f5437e-696c-adcc-fceb-7a7d568c1f9d\"><\/a> <span style=\"font-size: large; color: #333399;\"><b>Coordinadora del \u00e1rea:<\/b><\/span><\/p>\n<p align=\"CENTER\"><span style=\"font-size: large;\">Anna Jubete<\/span><\/p>\n<\/td>\n<\/tr>\n<tr>\n<td valign=\"TOP\" width=\"100%\">\n<p align=\"CENTER\"><span style=\"font-size: large; color: #333399;\"> Miembros de la JA<\/span><\/p>\n<ul>\n<li>\n<p align=\"LEFT\">Ana Municio<\/p>\n<\/li>\n<li>\n<p align=\"LEFT\">Mar\u00eda Macia<\/p>\n<\/li>\n<li>\n<p align=\"LEFT\">Ana Mari\u00f1o<\/p>\n<\/li>\n<li>\n<p align=\"LEFT\">Eugenia Retamal<\/p>\n<\/li>\n<\/ul>\n<\/td>\n<\/tr>\n<tr>\n<td valign=\"TOP\" width=\"100%\">\n<p align=\"CENTER\"><span style=\"font-size: large; color: #333399;\"> Colaboradores \u00a0y Colaboradoras\u00a0<\/span><\/p>\n<ul>\n<li>Mercedes Ruiz<\/li>\n<li>Jorge Torrente<\/li>\n<li>\u00c1gueda Fdez<\/li>\n<li>Elvira Borines<\/li>\n<li>Carme Rodenas<\/li>\n<li>Felipe Rodr\u00edguez Cort\u00e9s<\/li>\n<li>Toni Solano<\/li>\n<li>Jose Luis Castillo<\/li>\n<li>Sebasti\u00e1n Torres<\/li>\n<li>Sof\u00eda Deza Caparr\u00f3s<\/li>\n<li>Marta Cipr\u00e9s<\/li>\n<li>Carmen Caparr\u00f3s Aguila<\/li>\n<\/ul>\n<p align=\"CENTER\">\n<\/td>\n<\/tr>\n<\/tbody>\n<\/table>\n<p>&nbsp;<\/p>\n","protected":false},"excerpt":{"rendered":"<p>Miembros del \u00e1rea Coordinadora del \u00e1rea: Anna Jubete Miembros de la JA Ana Municio Mar\u00eda Macia Ana Mari\u00f1o Eugenia Retamal Colaboradores \u00a0y Colaboradoras\u00a0 Mercedes Ruiz Jorge Torrente \u00c1gueda Fdez Elvira Borines Carme Rodenas Felipe Rodr\u00edguez Cort\u00e9s Toni Solano Jose Luis &hellip; <a href=\"https:\/\/blogs.ciberespiral.org\/aulasinnovadoras\/equipo-de-aulas-innovadoras\/\">Sigue leyendo <span class=\"meta-nav\">&rarr;<\/span><\/a><\/p>\n","protected":false},"author":1,"featured_media":0,"parent":0,"menu_order":0,"comment_status":"open","ping_status":"open","template":"","meta":{"footnotes":""},"class_list":["post-138","page","type-page","status-publish","hentry"],"_links":{"self":[{"href":"https:\/\/blogs.ciberespiral.org\/aulasinnovadoras\/wp-json\/wp\/v2\/pages\/138","targetHints":{"allow":["GET"]}}],"collection":[{"href":"https:\/\/blogs.ciberespiral.org\/aulasinnovadoras\/wp-json\/wp\/v2\/pages"}],"about":[{"href":"https:\/\/blogs.ciberespiral.org\/aulasinnovadoras\/wp-json\/wp\/v2\/types\/page"}],"author":[{"embeddable":true,"href":"https:\/\/blogs.ciberespiral.org\/aulasinnovadoras\/wp-json\/wp\/v2\/users\/1"}],"replies":[{"embeddable":true,"href":"https:\/\/blogs.ciberespiral.org\/aulasinnovadoras\/wp-json\/wp\/v2\/comments?post=138"}],"version-history":[{"count":6,"href":"https:\/\/blogs.ciberespiral.org\/aulasinnovadoras\/wp-json\/wp\/v2\/pages\/138\/revisions"}],"predecessor-version":[{"id":501,"href":"https:\/\/blogs.ciberespiral.org\/aulasinnovadoras\/wp-json\/wp\/v2\/pages\/138\/revisions\/501"}],"wp:attachment":[{"href":"https:\/\/blogs.ciberespiral.org\/aulasinnovadoras\/wp-json\/wp\/v2\/media?parent=138"}],"curies":[{"name":"wp","href":"https:\/\/api.w.org\/{rel}","templated":true}]}}